{"id":18189,"date":"2026-02-13T09:46:53","date_gmt":"2026-02-13T08:46:53","guid":{"rendered":"https:\/\/www.gymnasium-jessen.de\/blog\/?page_id=18189"},"modified":"2026-04-09T08:24:25","modified_gmt":"2026-04-09T06:24:25","slug":"girls-boys-day","status":"publish","type":"page","link":"https:\/\/www.gymnasium-jessen.de\/blog\/girls-boys-day\/","title":{"rendered":"Girl\u00b4s- &amp; Boy\u00b4s-Day"},"content":{"rendered":"\t\t<div data-elementor-type=\"wp-page\" data-elementor-id=\"18189\" class=\"elementor elementor-18189\" data-elementor-post-type=\"page\">\n\t\t\t\t\t\t<section class=\"elementor-section elementor-top-section elementor-element elementor-element-517a636 elementor-section-boxed elementor-section-height-default elementor-section-height-default\" data-id=\"517a636\" data-element_type=\"section\" data-e-type=\"section\">\n\t\t\t\t\t\t<div class=\"elementor-container elementor-column-gap-default\">\n\t\t\t\t\t<div class=\"elementor-column elementor-col-100 elementor-top-column elementor-element elementor-element-c501298\" data-id=\"c501298\" data-element_type=\"column\" data-e-type=\"column\">\n\t\t\t<div class=\"elementor-widget-wrap elementor-element-populated\">\n\t\t\t\t\t\t<div class=\"elementor-element elementor-element-ca52fd4 elementor-widget elementor-widget-text-editor\" data-id=\"ca52fd4\" data-element_type=\"widget\" data-e-type=\"widget\" data-widget_type=\"text-editor.default\">\n\t\t\t\t<div class=\"elementor-widget-container\">\n\t\t\t\t\t\t\t\t\t<p><strong>Hier finden Sie alle wichtigen Dokumente zum Zukunftstag 2026 in Sachsen-Anhalt:<\/strong><\/p><p>In allen Landkreisen stehen <a id=\"DRB_BTN_c5c6aa50-d423-9a19-0f58-8f1c73cc2f11\" class=\"download downloadpdf\" href=\"https:\/\/mb.sachsen-anhalt.de\/fileadmin\/Bibliothek\/Landesjournal\/Bildung_und_Wissenschaft\/Dokumente\/Dokumente_Zukunftstag\/Ansprechpersonen_Zukunftstag_2026.pdf\" type=\"button\" data-toggle=\"modal\" data-target=\"#DRB_MDL_c5c6aa50-d423-9a19-0f58-8f1c73cc2f11\" data-remote=\"false\">Ansprechpersonen<\/a> zur Verf\u00fcgung.\u00a0<\/p><p>Viele Unternehmen und Einrichtungen stellen ihre Angebote auf dem <a class=\"external-link-new-window\" href=\"https:\/\/www.girls-day.de\/Radar\" target=\"_blank\" rel=\"noopener noreferrer\">Girls&#8217;Day-<\/a> bzw. <a class=\"external-link-new-window\" href=\"https:\/\/www.boys-day.de\/boys-day-radar\" target=\"_blank\" rel=\"noopener noreferrer\">Boys&#8217;Day-Radar.<\/a> Hier ist die Anmeldung direkt m\u00f6glich.<\/p><p>Sch\u00fclerinnen und Sch\u00fcler k\u00f6nnen aber auch Unternehmen und Einrichtungen besuchen, die nicht im Radar erfasst sind.<\/p><p><u><em>F\u00fcr Sch\u00fclerinnen und Sch\u00fcler:<\/em><\/u><\/p><p><u><a id=\"DRB_BTN_8c0a0c20-0d71-fc4b-791f-a825377b57cf\" class=\"download downloadpdf\" href=\"https:\/\/www.gymnasium-jessen.de\/blog\/formulartest\/\" type=\"button\" data-toggle=\"modal\" data-target=\"#DRB_MDL_8c0a0c20-0d71-fc4b-791f-a825377b57cf\" data-remote=\"false\">Meldebogen f\u00fcr die Schule zur Teilnahmeerfassung<\/a><\/u><\/p><p><u><a id=\"DRB_BTN_8c0a0c20-0d71-fc4b-791f-a825377b57cf\" class=\"download downloadpdf\" href=\"https:\/\/mb.sachsen-anhalt.de\/fileadmin\/Bibliothek\/Landesjournal\/Bildung_und_Wissenschaft\/Dokumente\/Dokumente_Zukunftstag\/Anmelde-_und_Best%C3%A4tigungsbogen_2026.pdf\" type=\"button\" data-toggle=\"modal\" data-target=\"#DRB_MDL_8c0a0c20-0d71-fc4b-791f-a825377b57cf\" data-remote=\"false\">Anmeldungs- und Teilnahmebest\u00e4tigungsformular<\/a><\/u><\/p><p><a id=\"DRB_BTN_32e0f16e-901b-8c08-8cae-c0dfa242dbc3\" class=\"download downloadpdf\" href=\"https:\/\/mb.sachsen-anhalt.de\/fileadmin\/Bibliothek\/Landesjournal\/Bildung_und_Wissenschaft\/Dokumente\/Dokumente_Zukunftstag\/Brief_an_die_Lernenden_zum_Zukunftstag_2026.pdf\" type=\"button\" data-toggle=\"modal\" data-target=\"#DRB_MDL_32e0f16e-901b-8c08-8cae-c0dfa242dbc3\" data-remote=\"false\">Brief an Sch\u00fclerinnen und Sch\u00fcler<\/a><\/p><p><a id=\"DRB_BTN_20145022-3c91-ee0f-d617-54b9cded0fbf\" class=\"download downloadpdf\" href=\"https:\/\/mb.sachsen-anhalt.de\/fileadmin\/Bibliothek\/Landesjournal\/Bildung_und_Wissenschaft\/Dokumente\/Dokumente_Zukunftstag\/Sch%C3%BClerinnenbrief_einfach_M%C3%A4dchen_2026.pdf\" type=\"button\" data-toggle=\"modal\" data-target=\"#DRB_MDL_20145022-3c91-ee0f-d617-54b9cded0fbf\" data-remote=\"false\">Brief an die Sch\u00fclerinnen in einfacher Sprache<\/a><\/p><p><a id=\"DRB_BTN_2bfa3087-ea0f-8e21-3901-7ba908667f50\" class=\"download downloadpdf\" href=\"https:\/\/mb.sachsen-anhalt.de\/fileadmin\/Bibliothek\/Landesjournal\/Bildung_und_Wissenschaft\/Dokumente\/Dokumente_Zukunftstag\/Sch%C3%BClerbrief_einfach_Jungen_2026.pdf\" type=\"button\" data-toggle=\"modal\" data-target=\"#DRB_MDL_2bfa3087-ea0f-8e21-3901-7ba908667f50\" data-remote=\"false\">Brief an die Sch\u00fcler in einfacher Sprache<\/a><\/p>\t\t\t\t\t\t\t\t<\/div>\n\t\t\t\t<\/div>\n\t\t\t\t\t<\/div>\n\t\t<\/div>\n\t\t\t\t\t<\/div>\n\t\t<\/section>\n\t\t\t\t<section class=\"elementor-section elementor-top-section elementor-element elementor-element-26d4f3f elementor-section-boxed elementor-section-height-default elementor-section-height-default\" data-id=\"26d4f3f\" data-element_type=\"section\" data-e-type=\"section\">\n\t\t\t\t\t\t<div class=\"elementor-container elementor-column-gap-default\">\n\t\t\t\t\t<div class=\"elementor-column elementor-col-100 elementor-top-column elementor-element elementor-element-c6b308d\" data-id=\"c6b308d\" data-element_type=\"column\" data-e-type=\"column\">\n\t\t\t<div class=\"elementor-widget-wrap elementor-element-populated\">\n\t\t\t\t\t\t<div class=\"elementor-element elementor-element-d27966c elementor-widget elementor-widget-button\" data-id=\"d27966c\" data-element_type=\"widget\" data-e-type=\"widget\" data-widget_type=\"button.default\">\n\t\t\t\t<div class=\"elementor-widget-container\">\n\t\t\t\t\t\t\t\t\t<div class=\"elementor-button-wrapper\">\n\t\t\t\t\t<a class=\"elementor-button elementor-button-link elementor-size-sm\" href=\"https:\/\/www.gymnasium-jessen.de\/blog\/wp-content\/uploads\/2026\/04\/Flyer-Digital-Elternabend-Girlsday_2026.pdf\" target=\"_blank\">\n\t\t\t\t\t\t<span class=\"elementor-button-content-wrapper\">\n\t\t\t\t\t\t\t\t\t<span class=\"elementor-button-text\">Flyer Digitaler Elternabend-Girlsday Siemens 2026<\/span>\n\t\t\t\t\t<\/span>\n\t\t\t\t\t<\/a>\n\t\t\t\t<\/div>\n\t\t\t\t\t\t\t\t<\/div>\n\t\t\t\t<\/div>\n\t\t\t\t\t<\/div>\n\t\t<\/div>\n\t\t\t\t\t<\/div>\n\t\t<\/section>\n\t\t\t\t<\/div>\n\t\t","protected":false},"excerpt":{"rendered":"<p>Hier finden Sie alle wichtigen Dokumente zum Zukunftstag 2026 in Sachsen-Anhalt: In allen Landkreisen stehen Ansprechpersonen zur Verf\u00fcgung.\u00a0 Viele Unternehmen und Einrichtungen stellen ihre Angebote auf dem Girls&#8217;Day- bzw. Boys&#8217;Day-Radar. Hier ist die Anmeldung direkt m\u00f6glich. Sch\u00fclerinnen und Sch\u00fcler k\u00f6nnen aber auch Unternehmen und Einrichtungen besuchen, die nicht im Radar erfasst sind. F\u00fcr Sch\u00fclerinnen und [&hellip;]<\/p>\n","protected":false},"author":3,"featured_media":0,"parent":0,"menu_order":0,"comment_status":"closed","ping_status":"closed","template":"","meta":{"footnotes":""},"class_list":["post-18189","page","type-page","status-publish","hentry"],"_links":{"self":[{"href":"https:\/\/www.gymnasium-jessen.de\/blog\/wp-json\/wp\/v2\/pages\/18189","targetHints":{"allow":["GET"]}}],"collection":[{"href":"https:\/\/www.gymnasium-jessen.de\/blog\/wp-json\/wp\/v2\/pages"}],"about":[{"href":"https:\/\/www.gymnasium-jessen.de\/blog\/wp-json\/wp\/v2\/types\/page"}],"author":[{"embeddable":true,"href":"https:\/\/www.gymnasium-jessen.de\/blog\/wp-json\/wp\/v2\/users\/3"}],"replies":[{"embeddable":true,"href":"https:\/\/www.gymnasium-jessen.de\/blog\/wp-json\/wp\/v2\/comments?post=18189"}],"version-history":[{"count":12,"href":"https:\/\/www.gymnasium-jessen.de\/blog\/wp-json\/wp\/v2\/pages\/18189\/revisions"}],"predecessor-version":[{"id":18583,"href":"https:\/\/www.gymnasium-jessen.de\/blog\/wp-json\/wp\/v2\/pages\/18189\/revisions\/18583"}],"wp:attachment":[{"href":"https:\/\/www.gymnasium-jessen.de\/blog\/wp-json\/wp\/v2\/media?parent=18189"}],"curies":[{"name":"wp","href":"https:\/\/api.w.org\/{rel}","templated":true}]}}