{"id":12037,"date":"2023-10-09T17:12:40","date_gmt":"2023-10-09T15:12:40","guid":{"rendered":"https:\/\/www.gymnasium-jessen.de\/blog\/?page_id=12037"},"modified":"2025-03-19T13:59:39","modified_gmt":"2025-03-19T12:59:39","slug":"internationalen-juniorscienceolympiade","status":"publish","type":"page","link":"https:\/\/www.gymnasium-jessen.de\/blog\/internationalen-juniorscienceolympiade\/","title":{"rendered":"Internationalen JuniorScienceOlympiade"},"content":{"rendered":"\t\t<div data-elementor-type=\"wp-page\" data-elementor-id=\"12037\" class=\"elementor elementor-12037\" data-elementor-post-type=\"page\">\n\t\t\t\t\t\t<section class=\"elementor-section elementor-top-section elementor-element elementor-element-0c3754d elementor-section-boxed elementor-section-height-default elementor-section-height-default\" data-id=\"0c3754d\" data-element_type=\"section\" data-e-type=\"section\">\n\t\t\t\t\t\t<div class=\"elementor-container elementor-column-gap-default\">\n\t\t\t\t\t<div class=\"elementor-column elementor-col-50 elementor-top-column elementor-element elementor-element-a75ab7b\" data-id=\"a75ab7b\" data-element_type=\"column\" data-e-type=\"column\">\n\t\t\t<div class=\"elementor-widget-wrap elementor-element-populated\">\n\t\t\t\t\t\t<div class=\"elementor-element elementor-element-9b69106 elementor-widget elementor-widget-text-editor\" data-id=\"9b69106\" data-element_type=\"widget\" data-e-type=\"widget\" data-widget_type=\"text-editor.default\">\n\t\t\t\t<div class=\"elementor-widget-container\">\n\t\t\t\t\t\t\t\t\t<div class=\"row justify-content-center js-hideme js-showme\"><div class=\"col-12 col-lg-6\"><div class=\"s-moduleText\"><div class=\"s-paragraph\"><h2>Mach mit und entdecke dein Talent!<\/h2><p>Biologie, Chemie und Physik, Experimente, Recherche und theoretische Aufgaben, Einzelarbeit und Teamwork, \u00a0&#8211; all das vereint die Internationale JuniorScienceOlympiade. <a href=\"https:\/\/www.scienceolympiaden.de\/ijso\">Hier findest Du alle weiteren Informationen. <\/a>Aufgaben erh\u00e4lst Du auch von deinen Lehrern. Du kannst auch schon mal die Experimente aus dem letzten Wettbewerbsjahr ausprobieren.<\/p><div class=\"row justify-content-center js-hideme js-showme\"><div class=\"col-12 col-lg-6\"><div class=\"s-moduleText\"><div class=\"s-paragraph\"><p>Jedes Jahr nehmen etwa 5 000 Sch\u00fcler:innen aus ganz Deutschland und von deutschen Schulen im Ausland an der IJSO teil. \u00dcber vier spannende und abwechslungsreiche Runden qualifizieren sich die besten Sechs f\u00fcr das deutsche Nationalteam. Sie vertreten Deutschland bei der IJSO\u00a0<i>international<\/i>.<\/p><\/div><\/div><\/div><\/div><div class=\"row justify-content-center js-hideme js-showme\"><div class=\"col-12 col-lg-6\"><div class=\"s-moduleText\"><div class=\"s-paragraph\"><p>Das Wettbewerbsjahr in der IJSO beginnt mit der <strong>Aufgabenrunde vom 1. November\u00a0bis zum 15. Januar.<\/strong> Die etwa 5 000 Teilnehmer:innen f\u00fchren zuhause oder in der Schule einfache Experimente durch und bearbeiten weiterf\u00fchrende Aufgaben. Die betreuenden Lehrkr\u00e4fte erhalten von uns Musterl\u00f6sung und Begleitmaterial f\u00fcr die Unterrichtsgestaltung.\u00a0<\/p><\/div><\/div><\/div><\/div><\/div><\/div><\/div><\/div>\t\t\t\t\t\t\t\t<\/div>\n\t\t\t\t<\/div>\n\t\t\t\t\t<\/div>\n\t\t<\/div>\n\t\t\t\t<div class=\"elementor-column elementor-col-50 elementor-top-column elementor-element elementor-element-f7da893\" data-id=\"f7da893\" data-element_type=\"column\" data-e-type=\"column\">\n\t\t\t<div class=\"elementor-widget-wrap elementor-element-populated\">\n\t\t\t\t\t\t<div class=\"elementor-element elementor-element-49be8f4 elementor-widget elementor-widget-image\" data-id=\"49be8f4\" data-element_type=\"widget\" data-e-type=\"widget\" data-widget_type=\"image.default\">\n\t\t\t\t<div class=\"elementor-widget-container\">\n\t\t\t\t\t\t\t\t\t\t\t\t\t\t\t<img fetchpriority=\"high\" decoding=\"async\" width=\"800\" height=\"382\" src=\"https:\/\/www.gymnasium-jessen.de\/blog\/wp-content\/uploads\/2024\/09\/IJSO.jpg\" class=\"attachment-large size-large wp-image-14808\" alt=\"\" srcset=\"https:\/\/www.gymnasium-jessen.de\/blog\/wp-content\/uploads\/2024\/09\/IJSO.jpg 950w, https:\/\/www.gymnasium-jessen.de\/blog\/wp-content\/uploads\/2024\/09\/IJSO-300x143.jpg 300w, https:\/\/www.gymnasium-jessen.de\/blog\/wp-content\/uploads\/2024\/09\/IJSO-768x367.jpg 768w\" sizes=\"(max-width: 800px) 100vw, 800px\" \/>\t\t\t\t\t\t\t\t\t\t\t\t\t\t\t<\/div>\n\t\t\t\t<\/div>\n\t\t\t\t\t<\/div>\n\t\t<\/div>\n\t\t\t\t\t<\/div>\n\t\t<\/section>\n\t\t\t\t<\/div>\n\t\t","protected":false},"excerpt":{"rendered":"<p>Mach mit und entdecke dein Talent! Biologie, Chemie und Physik, Experimente, Recherche und theoretische Aufgaben, Einzelarbeit und Teamwork, \u00a0&#8211; all das vereint die Internationale JuniorScienceOlympiade. Hier findest Du alle weiteren Informationen. Aufgaben erh\u00e4lst Du auch von deinen Lehrern. Du kannst auch schon mal die Experimente aus dem letzten Wettbewerbsjahr ausprobieren. Jedes Jahr nehmen etwa 5 [&hellip;]<\/p>\n","protected":false},"author":3,"featured_media":0,"parent":0,"menu_order":0,"comment_status":"closed","ping_status":"closed","template":"","meta":{"footnotes":""},"class_list":["post-12037","page","type-page","status-publish","hentry"],"_links":{"self":[{"href":"https:\/\/www.gymnasium-jessen.de\/blog\/wp-json\/wp\/v2\/pages\/12037","targetHints":{"allow":["GET"]}}],"collection":[{"href":"https:\/\/www.gymnasium-jessen.de\/blog\/wp-json\/wp\/v2\/pages"}],"about":[{"href":"https:\/\/www.gymnasium-jessen.de\/blog\/wp-json\/wp\/v2\/types\/page"}],"author":[{"embeddable":true,"href":"https:\/\/www.gymnasium-jessen.de\/blog\/wp-json\/wp\/v2\/users\/3"}],"replies":[{"embeddable":true,"href":"https:\/\/www.gymnasium-jessen.de\/blog\/wp-json\/wp\/v2\/comments?post=12037"}],"version-history":[{"count":26,"href":"https:\/\/www.gymnasium-jessen.de\/blog\/wp-json\/wp\/v2\/pages\/12037\/revisions"}],"predecessor-version":[{"id":15569,"href":"https:\/\/www.gymnasium-jessen.de\/blog\/wp-json\/wp\/v2\/pages\/12037\/revisions\/15569"}],"wp:attachment":[{"href":"https:\/\/www.gymnasium-jessen.de\/blog\/wp-json\/wp\/v2\/media?parent=12037"}],"curies":[{"name":"wp","href":"https:\/\/api.w.org\/{rel}","templated":true}]}}